{"id":1267,"date":"2018-05-25T18:58:53","date_gmt":"2018-05-25T16:58:53","guid":{"rendered":"https:\/\/losch-spandau.de\/galerie\/?page_id=1267"},"modified":"2018-05-26T09:47:58","modified_gmt":"2018-05-26T07:47:58","slug":"datenschutzerklaerung","status":"publish","type":"page","link":"https:\/\/losch-spandau.de\/galerie\/datenschutzerklaerung\/","title":{"rendered":"Datenschutzerkl\u00e4rung"},"content":{"rendered":"<br \/>\n<article class=\"box3\">\n<h3>Vorbemerkung<\/h3>\n<p>Wir, die Familie Losch, m\u00f6chten mit unseren Blogs informieren und haben kein Interesse an den pers\u00f6nlichen Daten unserer Besucher. Auch der Schutz dieser Daten ist uns wichtig.<\/p>\n<p>Da die eingesetzten Technologien (z.B. WordPress und  der Apache Web-Server) zur Bereitstellung unserer Webseiten technisch bedingt Daten der Nutzer erfassen, um die Web-Inhalte diesen bereitstellen zu k\u00f6nnen, informieren wir unsere Besucher hiermit \u00fcber den Schutz ihrer Daten.<br \/>\n<\/article>\n<article class=\"box3\">\n<h3>Geltungsbereich<\/h3>\n<p>Diese Datenschutzerkl\u00e4rung kl\u00e4rt Nutzer \u00fcber die Art, den Umfang und Zwecke der Erhebung und Verwendung personenbezogener Daten durch den verantwortlichen Anbieter (Stefan Losch, Heerstr. 243, 13595 Berlin, E-mail: webmaster (at) losch-spandau.de) auf dieser Website (im folgenden \u201cAngebot\u201d) auf. <\/br>Die rechtlichen Grundlagen des Datenschutzes finden sich im Bundesdatenschutzgesetz (BDSG) und dem Telemediengesetz (TMG).<br \/>\n<\/article>\n<article class=\"box3\">\n<h3>Zugriffsdaten \/ Server-Logfiles<\/h3>\n<p>Der Anbieter erhebt Daten \u00fcber jeden Zugriff auf das Angebot (so genannte Serverlogfiles). Zu den Zugriffsdaten geh\u00f6ren: Name der abgerufenen Webseite, Datei, Datum und Uhrzeit des Abrufs, \u00fcbertragene Datenmenge, Meldung \u00fcber erfolgreichen Abruf, Browsertyp nebst Version, das Betriebssystem des Nutzers, Referrer URL (die zuvor besuchte Seite), IP-Adresse und der anfragende Provider. Der Anbieter verwendet die Protokolldaten nur f\u00fcr statistische Auswertungen zum Zweck des Betriebs, der Sicherheit und der Optimierung des Angebotes. Der Anbieterbeh\u00e4lt sich jedoch vor, die Protokolldaten nachtr\u00e4glich zu \u00fcberpr\u00fcfen, wenn aufgrund konkreter Anhaltspunkte der berechtigte Verdacht einer rechtswidrigen Nutzung besteht.<br \/>\n<\/article>\n<article class=\"box3\">\n<h3>Umgang mit personenbezogenen Daten<\/h3>\n<p>Personenbezogene Daten sind Informationen, mit deren Hilfe eine Person bestimmbar ist, also Angaben, die zur\u00fcck zu einer Person verfolgt werden k\u00f6nnen. Dazu geh\u00f6ren der Name, die Emailadresse oder die Telefonnummer. Aber auch Daten \u00fcber Vorlieben, Hobbies, Mitgliedschaften oder welche Webseiten von jemandem angesehen wurden z\u00e4hlen zu personenbezogenen Daten. Personenbezogene Daten werden von dem Anbieter nur dann erhoben, genutzt und weiter gegeben, wenn dies gesetzlich erlaubt ist oder die Nutzer in die Datenerhebung einwilligen.<br \/>\n<\/article>\n<article class=\"box3\">\n<h3>Kontaktaufnahme<\/h3>\n<p>Bei der Kontaktaufnahme mit dem Anbieter (zum Beispiel per Kontaktformular oder E-Mail) werden die Angaben des Nutzers zwecks Bearbeitung der Anfrage sowie f\u00fcr den Fall, dass Anschlussfragen entstehen, gespeichert.<br \/>\n<\/article>\n<article class=\"box3\">\n<h3>Kommentare und Beitr\u00e4ge<\/h3>\n<p>Wenn Nutzer Kommentare im Blog oder sonstige Beitr\u00e4ge hinterlassen, werden ihre IP-Adressen gespeichert. Das erfolgt zur Sicherheit des Anbieters, falls jemand in Kommentaren und Beitr\u00e4gen widerrechtliche Inhalte schreibt (Beleidigungen, verbotene politische Propaganda, etc.). In diesem Fall kann der Anbieter selbst f\u00fcr den Kommentar oder Beitrag belangt werden und ist daher an der Identit\u00e4t des Verfassers interessiert.<br \/>\n<\/article>\n<article class=\"box3\">\n<h3>Gravatar<\/h3>\n<p>Wenn Nutzer Kommentare im Blog oder sonstige Beitr\u00e4ge hinterlassen, wird die E-Mail Adresse gespeichert, jedoch nicht ohne ausdr\u00fccklichen Wunsch des Benutzers \u00f6ffentlich gezeigt. Aus dieser E-Mail-Adresse kann eine anonymisierte Zeichenfolge erstellt (auch Hash genannt) und dem Gravatar-Dienst \u00fcbergeben werden, um zu pr\u00fcfen, ob der Benutzer diesen benutzt. Die Datenschutzerkl\u00e4rung des Gravatar-Dienstes ist hier zu finden: <a href=\"https:\/\/automattic.com\/privacy\/\">https:\/\/automattic.com\/privacy\/<\/a>. Nachdem ein Kommentar freigegeben wurde, ist gegebenenfalls das Profilbild des Nutzers \u00f6ffentlich im Kontext deines Kommentars sichtbar.<br \/>\n<\/article>\n<article class=\"box3\">\n<h3>Kommentarabonnements<\/h3>\n<p>Die Nachfolgekommentare k\u00f6nnen durch Nutzer abonniert werden (wenn diese Funktion aktiviert wurde). Die Nutzer erhalten eine Best\u00e4tigungsemail, um zu \u00fcberpr\u00fcfen, ob sie der Inhaber der eingegebenen Emailadresse sind. Nutzer k\u00f6nnen laufende Kommentarabonnements jederzeit abbestellen. Die Best\u00e4tigungsemail wird Hinweise dazu enthalten.<br \/>\nNewsletter<\/p>\n<p>Falls diese Funktion aktiviert wurde, informieren wir Sie \u00fcber uns und unsere Angebote mit unserem Newsletter. Wenn Sie den Newsletter empfangen m\u00f6chten, ben\u00f6tigen wir von Ihnen eine valide Email-Adresse sowie Informationen, die uns die \u00dcberpr\u00fcfung gestatten, dass Sie der Inhaber der angegebenen Email-Adresse sind bzw. deren Inhaber mit dem Empfang des Newsletters einverstanden ist. Weitere Daten werden nicht erhoben. Diese Daten werden nur f\u00fcr den Versand der Newsletter verwendet und werden nicht an Dritte weiter gegeben. Mit der Anmeldung zum Newsletter speichern wir Ihre IP-Adresse und das Datum der Anmeldung. Diese Speicherung dient alleine dem Nachweis im Fall, dass ein Dritter eine Emailadresse missbraucht und sich ohne Wissen des Berechtigten f\u00fcr den Newsletterempfang anmeldet. Ihre Einwilligung zur Speicherung der Daten, der Email-Adresse sowie deren Nutzung zum Versand des Newsletters k\u00f6nnen Sie jederzeit widerrufen. Der Widerruf kann \u00fcber einen Link in den Newslettern selbst, in Ihrem Profilbereich oder per Mitteilung an die oben stehenden Kontaktm\u00f6glichkeiten erfolgen.<br \/>\n<\/article>\n<article class=\"box3\">\n<h3>Einbindung von Diensten und Inhalten Dritter<\/h3>\n<p>Es kann vorkommen, dass innerhalb dieses Onlineangebotes Inhalte Dritter, wie zum Beispiel Videos von YouTube, Kartenmaterial von Google-Maps oder OpenstreetMap, RSS-Feeds oder Grafiken von anderen Webseiten eingebunden werden. Dies setzt immer voraus, dass die Anbieter dieser Inhalte (nachfolgend bezeichnet als \u201eDritt-Anbieter\u201c) die IP-Adresse der Nutzer wahr nehmen. Denn ohne die IP-Adresse, k\u00f6nnten sie die Inhalte nicht an den Browser des jeweiligen Nutzers senden. Die IP-Adresse ist damit f\u00fcr die Darstellung dieser Inhalte erforderlich. Wir bem\u00fchen uns nur solche Inhalte zu verwenden, deren jeweilige Anbieter die IP-Adresse lediglich zur Auslieferung der Inhalte verwenden. Jedoch haben wir keinen Einfluss darauf, falls die Dritt-Anbieter die IP-Adresse z.B. f\u00fcr statistische Zwecke speichern. Soweit dies uns bekannt ist, kl\u00e4ren wir die Nutzer dar\u00fcber auf.<br \/>\n<\/article>\n<article class=\"box3\">\n<h3>Web Analyse<\/h3>\n<p>Um unsere Webseiten und Angebote zu verbessern, zu sch\u00fctzen und zu optimieren, nutzen wir verschiedene Technologien. Durch die Nutzung unserer Webseiten erkl\u00e4ren Sie sich mit einer Datenverarbeitung und Nutzung der hierdurch erhobenen Daten einverstanden.<br \/>\n<\/article>\n<article class=\"box3\">\n<h3>Cookies<\/h3>\n<p>Cookies sind kleine Dateien, die es erm\u00f6glichen, auf dem Zugriffsger\u00e4t der Nutzer (PC, Smartphone o.\u00e4.) spezifische, auf das Ger\u00e4t bezogene Informationen zu speichern. Sie dienen zum einem der Benutzerfreundlichkeit von Webseiten und damit den Nutzern (z.B. Speicherung von Logindaten). Zum anderen dienen sie, um die statistische Daten der Webseitennutzung zu erfassen und sie zwecks Verbesserung des Angebotes analysieren zu k\u00f6nnen. Die Nutzer k\u00f6nnen auf den Einsatz der Cookies Einfluss nehmen. Die meisten Browser verf\u00fcgen eine Option mit der das Speichern von Cookies eingeschr\u00e4nkt oder komplett verhindert wird. Allerdings wird darauf hingewiesen, dass die Nutzung und insbesondere der Nutzungskomfort ohne Cookies eingeschr\u00e4nkt werden.<br \/>\n<\/article>\n<article class=\"box3\">\n<h3>Google Analytics<\/h3>\n<p>Diese Websiten benutzt kein Google Analytics, einen Webanalysedienst der Google Inc. (\u201eGoogle\u201c).<br \/>\n<\/article>\n<article class=\"box3\">\n<h3>Verwendung von Facebook Social Plugins<\/h3>\n<p>Dieses Angebot verwendet, falls die Funktion aktiviert ist, Social Plugins (\u201ePlugins\u201c) des sozialen Netzwerkes facebook.com, welches von der Facebook Inc., 1601 S. California Ave, Palo Alto, CA 94304, USA betrieben wird (\u201eFacebook\u201c). Die Plugins sind an einem der Facebook Logos erkennbar (wei\u00dfes \u201ef\u201c auf blauer Kachel oder ein \u201eDaumen hoch\u201c-Zeichen) oder sind mit dem Zusatz \u201eFacebook Social Plugin\u201c gekennzeichnet. Die Liste und das Aussehen der Facebook Social Plugins kann hier eingesehen werden:<br \/>\n<a href=\"https:\/\/developers.facebook.com\/docs\/plugins\"\/>https:\/\/developers.facebook.com\/docs\/plugins<\/a>.<\/p>\n<p>Wenn ein Nutzer eine Webseite dieses Angebots aufruft, die ein solches Plugin enth\u00e4lt, baut sein Browser eine direkte Verbindung mit den Servern von Facebook auf. Der Inhalt des Plugins wird von Facebook direkt an Ihren Browser \u00fcbermittelt und von diesem in die Webseite eingebunden. Der Anbieter hat daher keinen Einfluss auf den Umfang der Daten, die Facebook mit Hilfe dieses Plugins erhebt und informiert die Nutzer daher entsprechend seinem Kenntnisstand:<\/p>\n<p>Durch die Einbindung der Plugins erh\u00e4lt Facebook die Information, dass ein Nutzer die entsprechende Seite des Angebots aufgerufen hat. Ist der Nutzer bei Facebook eingeloggt, kann Facebook den Besuch seinem Facebook-Konto zuordnen. Wenn Nutzer mit den Plugins interagieren, zum Beispiel den Like Button bet\u00e4tigen oder einen Kommentar abgeben, wird die entsprechende Information von Ihrem Browser direkt an Facebook \u00fcbermittelt und dort gespeichert. Falls ein Nutzer kein Mitglied von Facebook ist, besteht trotzdem die M\u00f6glichkeit, dass Facebook seine IP-Adresse in Erfahrung bringt und speichert. Laut Facebook wird in Deutschland nur eine anonymisierte IP-Adresse gespeichert. Zweck und Umfang der Datenerhebung und die weitere Verarbeitung und Nutzung der Daten durch Facebook sowie die diesbez\u00fcglichen Rechte und Einstellungsm\u00f6glichkeiten zum Schutz der Privatsph\u00e4re der Nutzer , k\u00f6nnen diese den Datenschutzhinweisen von Facebook entnehmen: <a href=\"https:\/\/www.facebook.com\/about\/privacy\/\">https:\/\/www.facebook.com\/about\/privacy\/<\/a>.<\/p>\n<p>Wenn ein Nutzer Facebookmitglied ist und nicht m\u00f6chte, dass Facebook \u00fcber dieses Angebot Daten \u00fcber ihn sammelt und mit seinen bei Facebook gespeicherten Mitgliedsdaten verkn\u00fcpft, muss er sich vor dem Besuch des Internetauftritts bei Facebook ausloggen. Ebenfalls ist es m\u00f6glich Facebook-Social-Plugins mit Add-ons f\u00fcr Ihren Browser zu blocken, zum Beispiel mit dem \u201eFacebook Blocker\u201e.<br \/>\n<\/article>\n<article class=\"box3\">\n<h3>+1 Schaltfl\u00e4che von Google+<\/h3>\n<p>Dieses Angebot verwendet, falls die Funktion aktiviert ist, die \u201c+1\u2033-Schaltfl\u00e4che des sozialen Netzwerkes Google Plus, welches von der Google Inc., 1600 Amphitheatre Parkway, Mountain View, CA 94043, United States betrieben wird (\u201cGoogle\u201d). Der Button ist an dem Zeichen \u201c+1\u2033 auf wei\u00dfem oder farbigen Hintergrund erkennbar. Wenn ein Nutzer eine Webseite dieses Angebotes aufruft, die eine solche Schaltfl\u00e4che enth\u00e4lt, baut der Browser eine direkte Verbindung mit den Servern von Google auf. Der Inhalt der \u201c+1\u2033-Schaltfl\u00e4che wird von Google direkt an seinen Browser \u00fcbermittelt und von diesem in die Webseite eingebunden. der Anbieter hat daher keinen Einfluss auf den Umfang der Daten, die Google mit der Schaltfl\u00e4che erhebt. Laut Google werden ohne einen Klick auf die Schaltfl\u00e4che keine personenbezogenen Daten erhoben. Nur bei eingeloggten Mitgliedern, werden solche Daten, unter anderem die IP-Adresse, erhoben und verarbeitet. Zweck und Umfang der Datenerhebung und die weitere Verarbeitung und Nutzung der Daten durch Google sowie Ihre diesbez\u00fcglichen Rechte und Einstellungsm\u00f6glichkeiten zum Schutz Ihrer Privatsph\u00e4re k\u00f6nnen die Nutzer Googles Datenschutzhinweisen zu der \u201c+1\u2033-Schaltfl\u00e4che entnehmen:<br \/>\n<a href=\"http:\/\/www.google.com\/intl\/de\/+\/policy\/+1button.html\">http:\/\/www.google.com\/intl\/de\/+\/policy\/+1button.html<\/a> und der FAQ: <a href=\"http:\/\/www.google.com\/intl\/de\/+1\/button\/\">http:\/\/www.google.com\/intl\/de\/+1\/button\/<\/a>.<br \/>\n<\/article>\n<article class=\"box3\">\n<h3>Twitter<\/h3>\n<p>Dieses Angebot nutzt, falls die Funktion aktiviert ist, die Schaltfl\u00e4chen des Dienstes Twitter. Diese Schaltfl\u00e4chen werden angeboten durch die Twitter Inc., 795 Folsom St., Suite 600, San Francisco, CA 94107, USA. Sie sind an Begriffen wie \u201eTwitter\u201c oder \u201eFolge\u201c, verbunden mit einem stillisierten blauen Vogel erkennbar. Mit Hilfe der Schaltfl\u00e4chen ist es m\u00f6glich einen Beitrag oder Seite dieses Angebotes bei Twitter zu teilen oder dem Anbieter bei Twitter zu folgen. Wenn ein Nutzer eine Webseite dieses Internetauftritts aufruft, die einen solchen Button enth\u00e4lt, baut sein Browser eine direkte Verbindung mit den Servern von Twitter auf. Der Inhalt des Twitter-Schaltfl\u00e4chen wird von Twitter direkt an den Browser des Nutzers \u00fcbermittelt. Der Anbieter hat daher keinen Einfluss auf den Umfang der Daten, die Twitter mit Hilfe dieses Plugins erhebt und informiert die Nutzer entsprechend seinem Kenntnisstand. Nach diesem wird lediglich die IP-Adresse des Nutzers die URL der jeweiligen Webseite beim Bezug des Buttons mit \u00fcbermittelt, aber nicht f\u00fcr andere Zwecke, als die Darstellung des Buttons, genutzt. Weitere Informationen hierzu finden sich in der Datenschutzerkl\u00e4rung von Twitter unter<br \/>\n<a href=\"http:\/\/twitter.com\/privacy\">http:\/\/twitter.com\/privacy<\/a>.<br \/>\n<\/article>\n<article class=\"box3\">\n<h3>OpenstreetMap<\/h3>\n<p>Falls aktiviert, nutzen wir auf unseren Seiten OpenstreetMap, um geographische Informationen visuell darzustellen. OpenstreetMap ist ein Kartendienst der <a href=\"http:\/\/osmfoundation.org\/\">OpenStreetMap Foundation<\/a>. Damit das von uns benutzte Kartenmaterial eingebunden und in Ihrem Webbrowser angezeigt werden kann, muss Ihr Webbrowser beim Aufruf der Kontaktseite eine Verbindung zu einem Server von OpenstreetMap, der sich unter anderem auch in den USA befinden kann, aufnehmen. OpenstreetMap erh\u00e4lt hierdurch die Information, dass von der IP-Adresse Ihres Ger\u00e4tes die Kontaktseite unserer Website aufgerufen wurde. Die Datenschutzrichtline der OpenstreetMap Foundation kann <a href=\"https:\/\/wiki.osmfoundation.org\/wiki\/Privacy_Policy\">hier<\/a> eingesehen werden.<br \/>\n<\/article>\n<article class=\"box3\">\n<h3>Widerspruchs- und Auskunftsrecht<\/h3>\n<p>Sie haben das Recht auf unentgeltliche Auskunft \u00fcber Ihre bei uns gespeicherten personenbezogenen Daten, deren Herkunft und Empf\u00e4nger und den Zweck der Datenverarbeitung sowie Recht auf Berichtigung, Sperrung oder L\u00f6schung dieser Daten, soweit dem keine gesetzliche Aufbewahrungspflicht entgegensteht. Wenn Sie Fragen hierzu haben, die Ihnen diese Datenschutzerkl\u00e4rung nicht beantworten konnte, k\u00f6nnen Sie sich unter folgender E-Mail-Adresse oder \u00fcber die im Impressum angegebenen Kontaktdaten an uns wenden: webmaster (at) losch-spandau.de<br \/>\n<\/article>\n","protected":false},"excerpt":{"rendered":"<p>Vorbemerkung Wir, die Familie Losch, m\u00f6chten mit unseren Blogs informieren und haben kein Interesse an den pers\u00f6nlichen Daten unserer Besucher. Auch der Schutz dieser Daten ist uns wichtig. Da die eingesetzten Technologien (z.B. WordPress und der Apache Web-Server) zur Bereitstellung unserer Webseiten technisch bedingt Daten &hellip; <a href=\"https:\/\/losch-spandau.de\/galerie\/datenschutzerklaerung\/\" class=\"more-link\"><span>Continue reading<span class=\"screen-reader-text\">Datenschutzerkl\u00e4rung<\/span><\/span><\/a><\/p>\n","protected":false},"author":1,"featured_media":0,"parent":0,"menu_order":0,"comment_status":"closed","ping_status":"closed","template":"","meta":{"footnotes":""},"class_list":["post-1267","page","type-page","status-publish","hentry"],"_links":{"self":[{"href":"https:\/\/losch-spandau.de\/galerie\/wp-json\/wp\/v2\/pages\/1267","targetHints":{"allow":["GET"]}}],"collection":[{"href":"https:\/\/losch-spandau.de\/galerie\/wp-json\/wp\/v2\/pages"}],"about":[{"href":"https:\/\/losch-spandau.de\/galerie\/wp-json\/wp\/v2\/types\/page"}],"author":[{"embeddable":true,"href":"https:\/\/losch-spandau.de\/galerie\/wp-json\/wp\/v2\/users\/1"}],"replies":[{"embeddable":true,"href":"https:\/\/losch-spandau.de\/galerie\/wp-json\/wp\/v2\/comments?post=1267"}],"version-history":[{"count":5,"href":"https:\/\/losch-spandau.de\/galerie\/wp-json\/wp\/v2\/pages\/1267\/revisions"}],"predecessor-version":[{"id":1276,"href":"https:\/\/losch-spandau.de\/galerie\/wp-json\/wp\/v2\/pages\/1267\/revisions\/1276"}],"wp:attachment":[{"href":"https:\/\/losch-spandau.de\/galerie\/wp-json\/wp\/v2\/media?parent=1267"}],"curies":[{"name":"wp","href":"https:\/\/api.w.org\/{rel}","templated":true}]}}