{"id":413,"date":"2016-07-09T18:56:25","date_gmt":"2016-07-09T16:56:25","guid":{"rendered":"http:\/\/losch-spandau.de\/galerie\/?page_id=413"},"modified":"2024-02-10T14:20:08","modified_gmt":"2024-02-10T13:20:08","slug":"rechtlicher-hinweis","status":"publish","type":"page","link":"https:\/\/losch-spandau.de\/galerie\/rechtlicher-hinweis\/","title":{"rendered":"Rechtlicher Hinweis"},"content":{"rendered":"\n<h3 class=\"wp-block-heading\"><span style=\"font-family: verdana;\"><span style=\"color: #000000;\">Haftungsausschluss<\/span><\/span><\/h3>\n\n\n\n<blockquote class=\"wp-block-quote is-layout-flow wp-block-quote-is-layout-flow\">\n<pre class=\"wp-block-preformatted\"><strong>1. Inhalt des<\/strong><br><strong>Onlineangebotes<\/strong><br><br>Der Autor \u00fcbernimmt keinerlei Gew\u00e4hr f\u00fcr die Aktualit\u00e4t,<br>Korrektheit, Vollst\u00e4ndigkeit oder Qualit\u00e4t der<br>bereitgestellten Informationen. Haftungsanspr\u00fcche gegen den<br>Autor, welche sich auf Sch\u00e4den materieller oder ideeller Art<br>beziehen, die durch die Nutzung oder Nichtnutzung der dargebotenen<br>Informationen bzw. durch die Nutzung fehlerhafter und unvollst\u00e4ndiger<br>Informationen verursacht wurden sind grunds\u00e4tzlich<br>ausgeschlossen, sofern seitens des Autors kein nachweislich<br>vors\u00e4tzliches oder grob fahrl\u00e4ssiges Verschulden vorliegt.<br><br>Alle Angebote sind freibleibend und unverbindlich. Der Autor<br>beh\u00e4lt es sich ausdr\u00fccklich vor, Teile der Seiten oder das<br>gesamte Angebot ohne gesonderte Ank\u00fcndigung zu ver\u00e4ndern,<br>zu erg\u00e4nzen, zu l\u00f6schen oder die Ver\u00f6ffentlichung<br>zeitweise oder endg\u00fcltig einzustellen.<\/pre>\n<\/blockquote>\n\n\n\n<blockquote class=\"wp-block-quote is-layout-flow wp-block-quote-is-layout-flow\">\n<pre class=\"wp-block-preformatted\"><strong>2. <\/strong><strong>Verweise und Links<\/strong><br><br>Bei direkten oder indirekten<br>Verweisen auf fremde Internetseiten (\"Links\"), die<br>au\u00dferhalb des Verantwortungsbereiches des Autors liegen, w\u00fcrde<br>eine Haftungsverpflichtung ausschlie\u00dflich in dem Fall in Kraft<br>treten, in dem der Autor von den Inhalten Kenntnis hat und es ihm<br>technisch m\u00f6glich und zumutbar w\u00e4re, die Nutzung im Falle<br>rechtswidriger Inhalte zu verhindern.<br>Der Autor erkl\u00e4rt<br>daher ausdr\u00fccklich, dass zum Zeitpunkt der Linksetzung die<br>entsprechenden verlinkten Seiten frei von illegalen Inhalten waren.<br>Der Autor hat keinerlei Einfluss auf die aktuelle und zuk\u00fcnftige<br>Gestaltung und auf die Inhalte der gelinkten\/verkn\u00fcpften Seiten.<br>Deshalb distanziert er sich hiermit ausdr\u00fccklich von allen<br>Inhalten aller gelinkten \/verkn\u00fcpften Seiten, die nach der<br>Linksetzung ver\u00e4ndert wurden. Diese Feststellung gilt f\u00fcr<br>alle innerhalb des eigenen Internetangebotes gesetzten Links und<br>Verweise sowie f\u00fcr Fremdeintr\u00e4ge in vom Autor<br>eingerichteten G\u00e4steb\u00fcchern, Diskussionsforen und<br>Mailinglisten. F\u00fcr illegale, fehlerhafte oder unvollst\u00e4ndige<br>Inhalte und insbesondere f\u00fcr Sch\u00e4den, die aus der Nutzung<br>oder Nichtnutzung solcherart dargebotener Informationen entstehen,<br>haftet allein der Anbieter der Seite, auf welche verwiesen wurde,<br>nicht derjenige, der \u00fcber Links auf die jeweilige<br>Ver\u00f6ffentlichung lediglich verweist. <\/pre>\n<\/blockquote>\n\n\n\n<blockquote class=\"wp-block-quote is-layout-flow wp-block-quote-is-layout-flow\">\n<pre class=\"wp-block-preformatted\"><strong>3. Urheber- und Kennzeichenrecht<\/strong><br><br>Der Autor ist bestrebt,<br>in allen Publikationen die Urheberrechte der verwendeten Grafiken,<br>Tondokumente, Videosequenzen und Texte zu beachten, von ihm selbst<br>erstellte Grafiken, Tondokumente, Videosequenzen und Texte zu nutzen<br>oder auf lizenzfreie Grafiken, Tondokumente, Videosequenzen und Texte<br>zur\u00fcckzugreifen.<br>Alle innerhalb des Internetangebotes<br>genannten und ggf. durch Dritte gesch\u00fctzten Marken- und<br>Warenzeichen unterliegen uneingeschr\u00e4nkt den Bestimmungen des<br>jeweils g\u00fcltigen Kennzeichenrechts und den Besitzrechten der<br>jeweiligen eingetragenen Eigent\u00fcmer. Allein aufgrund der blo\u00dfen<br>Nennung ist nicht der Schlu\u00df zu ziehen, dass Markenzeichen<br>nicht durch Rechte Dritter gesch\u00fctzt sind!<br>Das Copyright f\u00fcr<br>ver\u00f6ffentlichte, vom Autor selbst erstellte Objekte bleibt<br>allein beim Autor der Seiten. Eine Vervielf\u00e4ltigung oder<br>Verwendung solcher Grafiken, Tondokumente, Videosequenzen und Texte<br>in anderen elektronischen oder gedruckten Publikationen ist ohne<br>ausdr\u00fcckliche Zustimmung des Autors nicht gestattet. <\/pre>\n<\/blockquote>\n\n\n\n<blockquote class=\"wp-block-quote is-layout-flow wp-block-quote-is-layout-flow\">\n<pre class=\"wp-block-preformatted\"><strong>4. Datenschutz<br><\/strong><br>Sofern innerhalb des Internetangebotes die<br>M\u00f6glichkeit zur Eingabe pers\u00f6nlicher oder gesch\u00e4ftlicher<br>Daten (Emailadressen, Namen, Anschriften) besteht, so erfolgt die<br>Preisgabe dieser Daten seitens des Nutzers auf ausdr\u00fccklich<br>freiwilliger Basis. Die Inanspruchnahme und Bezahlung aller<br>angebotenen Dienste ist - soweit technisch m\u00f6glich und zumutbar<br>- auch ohne Angabe solcher Daten bzw. unter Angabe anonymisierter<br>Daten oder eines Pseudonyms gestattet. <\/pre>\n<\/blockquote>\n\n\n\n<blockquote class=\"wp-block-quote is-layout-flow wp-block-quote-is-layout-flow\">\n<pre class=\"wp-block-preformatted\"><strong>5. Rechtswirksamkeit dieses Haftungsausschlusses<\/strong><br><br>Dieser Haftungsausschluss ist als Teil des Internetangebotes zu betrachten,<br>von dem aus auf diese Seite verwiesen wurde. Sofern Teile oder<br>einzelne Formulierungen dieses Textes der geltenden Rechtslage nicht,<br>nicht mehr oder nicht vollst\u00e4ndig entsprechen sollten, bleiben<br>die \u00fcbrigen Teile des Dokumentes in ihrem Inhalt und ihrer<br>G\u00fcltigkeit davon unber\u00fchrt. <\/pre>\n<\/blockquote>\n\n\n\n<h3 class=\"wp-block-heading\"><a name=\"2\"><\/a><br>Disclaimer<\/h3>\n\n\n\n<blockquote class=\"wp-block-quote is-layout-flow wp-block-quote-is-layout-flow\">\n<pre class=\"wp-block-preformatted\"><strong>1. Online-contents<\/strong><br><br>The author reserves the right not to<br>be responsible for the topicality, correctness, completeness or<br>quality of the information provided. Liability claims regarding<br>damage caused by the use of any information provided, including any<br>kind of information which is incomplete or incorrect, will therefore<br>be rejected.<br>All offers are not-binding and without obligation.<br>Parts of the pages or the complete publication including all offers<br>and information might be extended, changed or partly or completely<br>deleted by the author without separate announcement. <\/pre>\n<\/blockquote>\n\n\n\n<blockquote class=\"wp-block-quote is-layout-flow wp-block-quote-is-layout-flow\">\n<pre class=\"wp-block-preformatted\"><strong>2. Referrals and links<\/strong><br><br>The author is not responsible for<br>any contents linked or referred to from his pages - unless he has<br>full knowlegde of illegal contents and would be able to prevent the<br>visitors of his site from viewing those pages. If any damage occurs<br>by the use of information presented there, only the author of the<br>respective pages might be liable, not the one who has linked to these<br>pages. Furthermore the author is not liable for any postings or<br>messages published by users of discussion boards, guestbooks or<br>mailinglists provided on his page. <\/pre>\n<\/blockquote>\n\n\n\n<blockquote class=\"wp-block-quote is-layout-flow wp-block-quote-is-layout-flow\">\n<pre class=\"wp-block-preformatted\"><strong>3.&nbsp; Copyright<\/strong><br><br>The author intended not to use any<br>copyrighted material for the publication or, if not possible, to<br>indicate the copyright of the respective object.<br>The copyright<br>for any material created by the author is reserved. Any duplication<br>or use of such diagrams, sounds or texts in other electronic or<br>printed publications is not permitted without the author's agreement.<\/pre>\n<\/blockquote>\n\n\n\n<blockquote class=\"wp-block-quote is-layout-flow wp-block-quote-is-layout-flow\">\n<pre class=\"wp-block-preformatted\"><strong>4. Data security<\/strong><br><br>If the oportunity for the input of personal<br>or business data (email addresses, name, addresses) ist given, the<br>input of these data takes place voluntarily. The use and payment of<br>all offered services are permitted - if and so far technically<br>possible and reasonable - without specification of any personal data<br>or under specification of anonymizated data or an alias. <\/pre>\n<\/blockquote>\n\n\n\n<blockquote class=\"wp-block-quote is-layout-flow wp-block-quote-is-layout-flow\">\n<pre class=\"wp-block-preformatted\"><strong>5. Legal force of this disclaimer<\/strong><br><br>This disclaimer is to be regarded as part of the internet publication which you were<br>referred from. If sections or individual formulations of this text<br>are not legal or correct, the content or validity of the other parts<br>remain uninfluenced by this fact. <\/pre>\n<\/blockquote>\n","protected":false},"excerpt":{"rendered":"<p>Haftungsausschluss 1. Inhalt desOnlineangebotesDer Autor \u00fcbernimmt keinerlei Gew\u00e4hr f\u00fcr die Aktualit\u00e4t,Korrektheit, Vollst\u00e4ndigkeit oder Qualit\u00e4t derbereitgestellten Informationen. Haftungsanspr\u00fcche gegen denAutor, welche sich auf Sch\u00e4den materieller oder ideeller Artbeziehen, die durch die Nutzung oder Nichtnutzung der dargebotenenInformationen bzw. durch die Nutzung fehlerhafter und unvollst\u00e4ndigerInformationen verursacht wurden sind &hellip; <a href=\"https:\/\/losch-spandau.de\/galerie\/rechtlicher-hinweis\/\" class=\"more-link\"><span>Continue reading<span class=\"screen-reader-text\">Rechtlicher Hinweis<\/span><\/span><\/a><\/p>\n","protected":false},"author":1,"featured_media":0,"parent":0,"menu_order":0,"comment_status":"closed","ping_status":"closed","template":"","meta":{"footnotes":""},"class_list":["post-413","page","type-page","status-publish","hentry"],"_links":{"self":[{"href":"https:\/\/losch-spandau.de\/galerie\/wp-json\/wp\/v2\/pages\/413","targetHints":{"allow":["GET"]}}],"collection":[{"href":"https:\/\/losch-spandau.de\/galerie\/wp-json\/wp\/v2\/pages"}],"about":[{"href":"https:\/\/losch-spandau.de\/galerie\/wp-json\/wp\/v2\/types\/page"}],"author":[{"embeddable":true,"href":"https:\/\/losch-spandau.de\/galerie\/wp-json\/wp\/v2\/users\/1"}],"replies":[{"embeddable":true,"href":"https:\/\/losch-spandau.de\/galerie\/wp-json\/wp\/v2\/comments?post=413"}],"version-history":[{"count":3,"href":"https:\/\/losch-spandau.de\/galerie\/wp-json\/wp\/v2\/pages\/413\/revisions"}],"predecessor-version":[{"id":2087,"href":"https:\/\/losch-spandau.de\/galerie\/wp-json\/wp\/v2\/pages\/413\/revisions\/2087"}],"wp:attachment":[{"href":"https:\/\/losch-spandau.de\/galerie\/wp-json\/wp\/v2\/media?parent=413"}],"curies":[{"name":"wp","href":"https:\/\/api.w.org\/{rel}","templated":true}]}}